{"id":5,"date":"2016-03-29T09:43:24","date_gmt":"2016-03-29T08:43:24","guid":{"rendered":"http:\/\/gite-brissac.com\/eng\/?page_id=5"},"modified":"2024-02-05T10:44:37","modified_gmt":"2024-02-05T09:44:37","slug":"accueil","status":"publish","type":"page","link":"https:\/\/gite-brissac.com\/eng\/","title":{"rendered":"Home"},"content":{"rendered":"<div id=\"pl-5\"  class=\"panel-layout\" ><div id=\"pg-5-0\"  class=\"panel-grid panel-no-style\" ><div id=\"pgc-5-0-0\"  class=\"panel-grid-cell\" ><div id=\"panel-5-0-0-0\" class=\"so-panel widget widget_sow-editor panel-first-child panel-last-child\" data-index=\"0\" ><div\n\t\t\t\n\t\t\tclass=\"so-widget-sow-editor so-widget-sow-editor-base\"\n\t\t\t\n\t\t>\n<div class=\"siteorigin-widget-tinymce textwidget\">\n\t<p><img loading=\"lazy\" decoding=\"async\" class=\"aligncenter size-full wp-image-638\" src=\"https:\/\/gite-brissac.com\/eng\/wp-content\/uploads\/2016\/03\/intheheartofanjour.png\" alt=\"intheheartofanjour\" width=\"664\" height=\"60\" srcset=\"https:\/\/gite-brissac.com\/eng\/wp-content\/uploads\/2016\/03\/intheheartofanjour.png 664w, https:\/\/gite-brissac.com\/eng\/wp-content\/uploads\/2016\/03\/intheheartofanjour-300x27.png 300w\" sizes=\"auto, (max-width: 664px) 100vw, 664px\" \/><\/p>\n<p><strong>Welcome to the Logis de la Pichonni\u00e8re.<\/strong> A beautiful drive of secular chestnut and walnut trees leads you to the door of la Pichonni\u00e8re. Our large house of tuffeau stone is part of a U-shaped farmhouse.\u00a0 The Logis is in an ideal location between Angers and Saumur (both <em>towns of Art and History),<\/em> near the ch\u00e2teau de Brissac and the vineyards of l\u2019Aubance and Le Layon, on the edge of the Anjou-Touraine regional park and a stone\u2019s throw from the Val de Loire which is registered on UNESCO\u2019s heritage list. We are in love with our region of Anjou. We love travelling and the simplest of meetings. We are opening the doors of our large family house which is still inhabited by three generations of the family. We have been restoring it for a number of years and have designed it to comfortably receive guests.<\/p>\n<\/div>\n<\/div><\/div><\/div><\/div><div id=\"pg-5-1\"  class=\"panel-grid panel-no-style\" ><div id=\"pgc-5-1-0\"  class=\"panel-grid-cell\" ><div id=\"panel-5-1-0-0\" class=\"so-panel widget widget_sow-editor panel-first-child panel-last-child\" data-index=\"1\" ><div\n\t\t\t\n\t\t\tclass=\"so-widget-sow-editor so-widget-sow-editor-base\"\n\t\t\t\n\t\t>\n<div class=\"siteorigin-widget-tinymce textwidget\">\n\t<h2 style=\"text-align: center;\"><a href=\"https:\/\/gite-brissac.com\/eng\/?page_id=7\">The bed &amp; breakfast<\/a><\/h2>\n<\/div>\n<\/div><\/div><\/div><\/div><div id=\"pg-5-2\"  class=\"panel-grid panel-has-style\" ><div class=\"chambres panel-row-style panel-row-style-for-5-2\" ><div id=\"pgc-5-2-0\"  class=\"panel-grid-cell\" ><div id=\"panel-5-2-0-0\" class=\"so-panel widget widget_sow-image panel-first-child\" data-index=\"2\" ><div\n\t\t\t\n\t\t\tclass=\"so-widget-sow-image so-widget-sow-image-default-8b5b6f678277-5\"\n\t\t\t\n\t\t>\n<div class=\"sow-image-container\">\n\t\t\t<a href=\"https:\/\/gite-brissac.com\/eng\/project\/zen\/\"\n\t\t\t\t\t>\n\t\t\t<img \n\tsrc=\"https:\/\/gite-brissac.com\/eng\/wp-content\/uploads\/2016\/03\/pichonniere-zen.jpg\" width=\"790\" height=\"531\" srcset=\"https:\/\/gite-brissac.com\/eng\/wp-content\/uploads\/2016\/03\/pichonniere-zen.jpg 790w, https:\/\/gite-brissac.com\/eng\/wp-content\/uploads\/2016\/03\/pichonniere-zen-300x202.jpg 300w, https:\/\/gite-brissac.com\/eng\/wp-content\/uploads\/2016\/03\/pichonniere-zen-768x516.jpg 768w, https:\/\/gite-brissac.com\/eng\/wp-content\/uploads\/2016\/03\/pichonniere-zen-272x182.jpg 272w\" sizes=\"(max-width: 790px) 100vw, 790px\" alt=\"\" \t\tclass=\"so-widget-image\"\/>\n\t\t\t<\/a><\/div>\n\n<\/div><\/div><div id=\"panel-5-2-0-1\" class=\"so-panel widget widget_sow-image panel-last-child\" data-index=\"3\" ><div\n\t\t\t\n\t\t\tclass=\"so-widget-sow-image so-widget-sow-image-default-8b5b6f678277-5\"\n\t\t\t\n\t\t>\n<div class=\"sow-image-container\">\n\t\t\t<a href=\"https:\/\/gite-brissac.com\/eng\/project\/garennes\/\"\n\t\t\t\t\t>\n\t\t\t<img \n\tsrc=\"https:\/\/gite-brissac.com\/eng\/wp-content\/uploads\/2016\/03\/pichonniere-garennes.jpg\" width=\"790\" height=\"531\" srcset=\"https:\/\/gite-brissac.com\/eng\/wp-content\/uploads\/2016\/03\/pichonniere-garennes.jpg 790w, https:\/\/gite-brissac.com\/eng\/wp-content\/uploads\/2016\/03\/pichonniere-garennes-300x202.jpg 300w, https:\/\/gite-brissac.com\/eng\/wp-content\/uploads\/2016\/03\/pichonniere-garennes-768x516.jpg 768w, https:\/\/gite-brissac.com\/eng\/wp-content\/uploads\/2016\/03\/pichonniere-garennes-272x182.jpg 272w\" sizes=\"(max-width: 790px) 100vw, 790px\" alt=\"\" \t\tclass=\"so-widget-image\"\/>\n\t\t\t<\/a><\/div>\n\n<\/div><\/div><\/div><div id=\"pgc-5-2-1\"  class=\"panel-grid-cell\" ><div id=\"panel-5-2-1-0\" class=\"so-panel widget widget_sow-image panel-first-child\" data-index=\"4\" ><div\n\t\t\t\n\t\t\tclass=\"so-widget-sow-image so-widget-sow-image-default-8b5b6f678277-5\"\n\t\t\t\n\t\t>\n<div class=\"sow-image-container\">\n\t\t\t<a href=\"https:\/\/gite-brissac.com\/eng\/project\/double-family-room\/\"\n\t\t\t\t\t>\n\t\t\t<img \n\tsrc=\"https:\/\/gite-brissac.com\/eng\/wp-content\/uploads\/2016\/03\/pichonniere-familiale.jpg\" width=\"790\" height=\"531\" srcset=\"https:\/\/gite-brissac.com\/eng\/wp-content\/uploads\/2016\/03\/pichonniere-familiale.jpg 790w, https:\/\/gite-brissac.com\/eng\/wp-content\/uploads\/2016\/03\/pichonniere-familiale-300x202.jpg 300w, https:\/\/gite-brissac.com\/eng\/wp-content\/uploads\/2016\/03\/pichonniere-familiale-768x516.jpg 768w, https:\/\/gite-brissac.com\/eng\/wp-content\/uploads\/2016\/03\/pichonniere-familiale-272x182.jpg 272w\" sizes=\"(max-width: 790px) 100vw, 790px\" alt=\"\" \t\tclass=\"so-widget-image\"\/>\n\t\t\t<\/a><\/div>\n\n<\/div><\/div><div id=\"panel-5-2-1-1\" class=\"so-panel widget widget_sow-image panel-last-child\" data-index=\"5\" ><div\n\t\t\t\n\t\t\tclass=\"so-widget-sow-image so-widget-sow-image-default-8b5b6f678277-5\"\n\t\t\t\n\t\t>\n<div class=\"sow-image-container\">\n\t\t\t<a href=\"https:\/\/gite-brissac.com\/eng\/project\/mesange\/\"\n\t\t\t\t\t>\n\t\t\t<img \n\tsrc=\"https:\/\/gite-brissac.com\/eng\/wp-content\/uploads\/2022\/03\/pichonniere-chambre-mesange-home.jpg\" width=\"790\" height=\"531\" srcset=\"https:\/\/gite-brissac.com\/eng\/wp-content\/uploads\/2022\/03\/pichonniere-chambre-mesange-home.jpg 790w, https:\/\/gite-brissac.com\/eng\/wp-content\/uploads\/2022\/03\/pichonniere-chambre-mesange-home-300x202.jpg 300w, https:\/\/gite-brissac.com\/eng\/wp-content\/uploads\/2022\/03\/pichonniere-chambre-mesange-home-768x516.jpg 768w, https:\/\/gite-brissac.com\/eng\/wp-content\/uploads\/2022\/03\/pichonniere-chambre-mesange-home-272x182.jpg 272w\" sizes=\"(max-width: 790px) 100vw, 790px\" alt=\"\" \t\tclass=\"so-widget-image\"\/>\n\t\t\t<\/a><\/div>\n\n<\/div><\/div><\/div><\/div><\/div><div id=\"pg-5-3\"  class=\"panel-grid panel-no-style\" ><div id=\"pgc-5-3-0\"  class=\"panel-grid-cell\" ><div id=\"panel-5-3-0-0\" class=\"so-panel widget widget_sow-editor panel-first-child panel-last-child\" data-index=\"6\" ><div\n\t\t\t\n\t\t\tclass=\"so-widget-sow-editor so-widget-sow-editor-base\"\n\t\t\t\n\t\t>\n<div class=\"siteorigin-widget-tinymce textwidget\">\n\t<h2 style=\"text-align: center;\"><a href=\"https:\/\/gite-brissac.com\/eng\/loc\/les-noisetiers\/\">Self-catering gite<\/a><\/h2>\n<\/div>\n<\/div><\/div><\/div><\/div><div id=\"pg-5-4\"  class=\"panel-grid panel-has-style\" ><div class=\"chambres panel-row-style panel-row-style-for-5-4\" ><div id=\"pgc-5-4-0\"  class=\"panel-grid-cell\" ><div id=\"panel-5-4-0-0\" class=\"so-panel widget widget_sow-image panel-first-child panel-last-child\" data-index=\"7\" ><div\n\t\t\t\n\t\t\tclass=\"so-widget-sow-image so-widget-sow-image-default-8b5b6f678277-5\"\n\t\t\t\n\t\t>\n<div class=\"sow-image-container\">\n\t\t\t<a href=\"https:\/\/gite-brissac.com\/eng\/project\/les-noisetiers\/\"\n\t\t\t\t\t>\n\t\t\t<img \n\tsrc=\"https:\/\/gite-brissac.com\/eng\/wp-content\/uploads\/2016\/03\/pichonniere-noisetiers.jpg\" width=\"790\" height=\"531\" srcset=\"https:\/\/gite-brissac.com\/eng\/wp-content\/uploads\/2016\/03\/pichonniere-noisetiers.jpg 790w, https:\/\/gite-brissac.com\/eng\/wp-content\/uploads\/2016\/03\/pichonniere-noisetiers-300x202.jpg 300w, https:\/\/gite-brissac.com\/eng\/wp-content\/uploads\/2016\/03\/pichonniere-noisetiers-768x516.jpg 768w, https:\/\/gite-brissac.com\/eng\/wp-content\/uploads\/2016\/03\/pichonniere-noisetiers-272x182.jpg 272w\" sizes=\"(max-width: 790px) 100vw, 790px\" alt=\"\" \t\tclass=\"so-widget-image\"\/>\n\t\t\t<\/a><\/div>\n\n<\/div><\/div><\/div><div id=\"pgc-5-4-1\"  class=\"panel-grid-cell\" ><div id=\"panel-5-4-1-0\" class=\"so-panel widget widget_sow-image panel-first-child panel-last-child\" data-index=\"8\" ><div\n\t\t\t\n\t\t\tclass=\"so-widget-sow-image so-widget-sow-image-default-8b5b6f678277-5\"\n\t\t\t\n\t\t>\n<div class=\"sow-image-container\">\n\t\t\t<a href=\"https:\/\/gite-brissac.com\/eng\/project\/les-noisetiers\/\"\n\t\t\t\t\t>\n\t\t\t<img \n\tsrc=\"https:\/\/gite-brissac.com\/eng\/wp-content\/uploads\/2022\/03\/lapichonniere-gite-salon2.png\" width=\"1200\" height=\"807\" srcset=\"https:\/\/gite-brissac.com\/eng\/wp-content\/uploads\/2022\/03\/lapichonniere-gite-salon2.png 1200w, https:\/\/gite-brissac.com\/eng\/wp-content\/uploads\/2022\/03\/lapichonniere-gite-salon2-300x202.png 300w, https:\/\/gite-brissac.com\/eng\/wp-content\/uploads\/2022\/03\/lapichonniere-gite-salon2-1024x689.png 1024w, https:\/\/gite-brissac.com\/eng\/wp-content\/uploads\/2022\/03\/lapichonniere-gite-salon2-768x516.png 768w, https:\/\/gite-brissac.com\/eng\/wp-content\/uploads\/2022\/03\/lapichonniere-gite-salon2-272x182.png 272w\" sizes=\"(max-width: 1200px) 100vw, 1200px\" alt=\"\" \t\tclass=\"so-widget-image\"\/>\n\t\t\t<\/a><\/div>\n\n<\/div><\/div><\/div><\/div><\/div><div id=\"pg-5-5\"  class=\"panel-grid panel-has-style\" ><div class=\"labels siteorigin-panels-stretch panel-row-style panel-row-style-for-5-5\" data-stretch-type=\"full\" ><div id=\"pgc-5-5-0\"  class=\"panel-grid-cell panel-grid-cell-empty\" ><\/div><div id=\"pgc-5-5-1\"  class=\"panel-grid-cell panel-grid-cell-mobile-last\" ><div id=\"panel-5-5-1-0\" class=\"so-panel widget widget_sow-editor panel-first-child panel-last-child\" data-index=\"9\" ><div\n\t\t\t\n\t\t\tclass=\"so-widget-sow-editor so-widget-sow-editor-base\"\n\t\t\t\n\t\t>\n<div class=\"siteorigin-widget-tinymce textwidget\">\n\t<h1 style=\"margin-bottom: 10px;\">They recommend us<\/h1>\n<table border=\"0\" width=\"100%\">\n<tbody>\n<tr>\n<td><a href=\"http:\/\/www.gites-de-france-anjou.com\/\" target=\"_blank\" rel=\"noopener\"><img loading=\"lazy\" decoding=\"async\" class=\"alignnone size-full wp-image-126\" src=\"http:\/\/www.gite-brissac.com\/wp-content\/uploads\/2016\/03\/gite-de-france.png\" alt=\"gite-de-france\" width=\"140\" height=\"148\" \/><\/a><\/td>\n<td><img loading=\"lazy\" decoding=\"async\" class=\"alignnone size-full wp-image-125\" src=\"http:\/\/www.gite-brissac.com\/wp-content\/uploads\/2016\/03\/charmance.png\" alt=\"charmance\" width=\"154\" height=\"148\" \/><\/td>\n<td><a href=\"http:\/\/atout-france.fr\/services\/le-label-vignobles-decouvertes\" target=\"_blank\" rel=\"noopener\"><img loading=\"lazy\" decoding=\"async\" class=\"alignnone size-full wp-image-133\" src=\"http:\/\/www.gite-brissac.com\/wp-content\/uploads\/2016\/03\/vignobles-et-decouvertes.png\" alt=\"vignobles-et-decouvertes\" width=\"127\" height=\"148\" \/><\/a><\/td>\n<td><img loading=\"lazy\" decoding=\"async\" class=\"alignnone size-full wp-image-128\" src=\"http:\/\/www.gite-brissac.com\/wp-content\/uploads\/2016\/03\/michelin.png\" alt=\"michelin\" width=\"211\" height=\"148\" \/><\/td>\n<td><a href=\"http:\/\/www.routard.com\/\" target=\"_blank\" rel=\"noopener\"><img loading=\"lazy\" decoding=\"async\" class=\"alignnone size-full wp-image-131\" src=\"http:\/\/www.gite-brissac.com\/wp-content\/uploads\/2016\/03\/routard.png\" alt=\"routard\" width=\"150\" height=\"148\" srcset=\"https:\/\/gite-brissac.com\/eng\/wp-content\/uploads\/2016\/03\/routard.png 150w, https:\/\/gite-brissac.com\/eng\/wp-content\/uploads\/2016\/03\/routard-100x100.png 100w\" sizes=\"auto, (max-width: 150px) 100vw, 150px\" \/><\/a><\/td>\n<td><a href=\"https:\/\/www.tripadvisor.fr\/Hotel_Review-g1125985-d5987066-Reviews-Logis_de_la_Pichonniere-Brissac_Quince_Maine_et_Loire_Pays_de_la_Loire.html\" target=\"_blank\" rel=\"noopener\"><img loading=\"lazy\" decoding=\"async\" class=\"alignnone size-full wp-image-132\" src=\"http:\/\/www.gite-brissac.com\/wp-content\/uploads\/2016\/03\/tripadvisor.png\" alt=\"tripadvisor\" width=\"178\" height=\"148\" \/><\/a><\/td>\n<td><a href=\"https:\/\/www.booking.com\/hotel\/fr\/logis-de-la-pichonniere.fr.html?aid=397596;label=gog235jc-index-XX-XX-XX-unspec-fr-com-L%3Afr-O%3AwindowsS7-B%3Achrome-N%3Ayes-S%3Abo-U%3Asalo-H%3As;sid=3ba7bc55198287d6a2f3af491f183c0b;dest_id=-1464950;dest_type=city;dist=0;group_adults=2;hapos=1;hpos=1;room1=A%2CA;sb_price_type=total;srepoch=1521209144;srfid=bda37cf8cb80afa9824a72aafbdaf181b36563d7X1;srpvid=566c631be1760282;type=total;ucfs=1&amp;#hotelTmpl\" target=\"_blank\" rel=\"noopener\"><img loading=\"lazy\" decoding=\"async\" class=\"aligncenter size-full wp-image-691\" src=\"http:\/\/www.gite-brissac.com\/wp-content\/uploads\/2018\/03\/booking-com.png\" alt=\"\" width=\"110\" height=\"105\" \/><\/a><\/td>\n<td><a href=\"https:\/\/www.petitfute.com\/v27737-brissac-quince-49320\/c1166-hebergement\/c151-chambre-d-hotes\/300294-la-pichonniere.html\" target=\"_blank\" rel=\"noopener\"><img loading=\"lazy\" decoding=\"async\" class=\"aligncenter size-full wp-image-692\" src=\"http:\/\/www.gite-brissac.com\/wp-content\/uploads\/2018\/03\/petit-fute.png\" alt=\"\" width=\"110\" height=\"110\" \/><\/a><\/td>\n<\/tr>\n<\/tbody>\n<\/table>\n<\/div>\n<\/div><\/div><\/div><div id=\"pgc-5-5-2\"  class=\"panel-grid-cell panel-grid-cell-empty\" ><\/div><\/div><\/div><div id=\"pg-5-6\"  class=\"panel-grid panel-has-style\" ><div class=\"labels siteorigin-panels-stretch panel-row-style panel-row-style-for-5-6\" data-stretch-type=\"full\" ><div id=\"pgc-5-6-0\"  class=\"panel-grid-cell panel-grid-cell-empty\" ><\/div><div id=\"pgc-5-6-1\"  class=\"panel-grid-cell panel-grid-cell-mobile-last\" ><div id=\"panel-5-6-1-0\" class=\"so-panel widget widget_sow-editor panel-first-child panel-last-child\" data-index=\"10\" ><div\n\t\t\t\n\t\t\tclass=\"so-widget-sow-editor so-widget-sow-editor-base\"\n\t\t\t\n\t\t>\n<div class=\"siteorigin-widget-tinymce textwidget\">\n\t<h1 style=\"margin-bottom: 10px; margin-top: 30px;\">Services<\/h1>\n<table border=\"0\" width=\"100%\">\n<tbody>\n<tr>\n<td><img loading=\"lazy\" decoding=\"async\" class=\"alignnone size-full wp-image-134\" src=\"https:\/\/gite-brissac.com\/eng\/wp-content\/uploads\/2016\/03\/wifi.png\" alt=\"wifi\" width=\"93\" height=\"145\" \/><\/td>\n<td><img loading=\"lazy\" decoding=\"async\" class=\"alignnone size-full wp-image-122\" src=\"https:\/\/gite-brissac.com\/eng\/wp-content\/uploads\/2016\/03\/acces-handicape.png\" alt=\"acces-handicape\" width=\"111\" height=\"145\" \/><\/td>\n<td><img loading=\"lazy\" decoding=\"async\" class=\"alignnone size-full wp-image-124\" src=\"https:\/\/www.gite-brissac.com\/wp-content\/uploads\/2024\/02\/Picto-voiture-electrique.png\" alt=\"voiture electrique\" width=\"11\" height=\"145\" \/><\/td>\n<td><img loading=\"lazy\" decoding=\"async\" class=\"alignnone size-full wp-image-124\" src=\"https:\/\/gite-brissac.com\/eng\/wp-content\/uploads\/2016\/03\/animaux-interdits.png\" alt=\"animaux-interdits\" width=\"138\" height=\"145\" \/><\/td>\n<td><img loading=\"lazy\" decoding=\"async\" class=\"alignnone size-full wp-image-129\" src=\"https:\/\/gite-brissac.com\/eng\/wp-content\/uploads\/2016\/03\/paypal.png\" alt=\"paypal\" width=\"191\" height=\"145\" \/><\/td>\n<td><img loading=\"lazy\" decoding=\"async\" class=\"alignnone size-full wp-image-123\" src=\"https:\/\/gite-brissac.com\/eng\/wp-content\/uploads\/2016\/03\/ancv.png\" alt=\"ancv\" width=\"137\" height=\"145\" \/><\/td>\n<\/tr>\n<\/tbody>\n<\/table>\n<\/div>\n<\/div><\/div><\/div><div id=\"pgc-5-6-2\"  class=\"panel-grid-cell panel-grid-cell-empty\" ><\/div><\/div><\/div><div id=\"pg-5-7\"  class=\"panel-grid panel-has-style\" ><div class=\"siteorigin-panels-stretch panel-row-style panel-row-style-for-5-7\" data-stretch-type=\"full-width-stretch\" ><div id=\"pgc-5-7-0\"  class=\"panel-grid-cell\" ><div id=\"panel-5-7-0-0\" class=\"so-panel widget widget_sow-editor panel-first-child panel-last-child\" data-index=\"11\" ><div\n\t\t\t\n\t\t\tclass=\"so-widget-sow-editor so-widget-sow-editor-base\"\n\t\t\t\n\t\t>\n<div class=\"siteorigin-widget-tinymce textwidget\">\n\t<p><iframe loading=\"lazy\" style=\"border: 0;\" src=\"https:\/\/www.google.com\/maps\/embed?pb=!1m18!1m12!1m3!1d19903.597468042648!2d-0.43899487605127974!3d47.338931560164305!2m3!1f0!2f0!3f0!3m2!1i1024!2i768!4f13.1!3m3!1m2!1s0x0000000000000000%3A0xd5e817b9a76a62e0!2sLogis+La+Pichonni%C3%A8re!5e0!3m2!1sfr!2sfr!4v1462350516621\" width=\"100%\" height=\"400\" frameborder=\"0\" allowfullscreen=\"allowfullscreen\"><\/iframe><\/p>\n<\/div>\n<\/div><\/div><\/div><\/div><\/div><\/div>","protected":false},"excerpt":{"rendered":"<p>Welcome to the Logis de la Pichonni\u00e8re. A beautiful drive of secular chestnut and walnut trees leads you to the door of la Pichonni\u00e8re. Our large house of tuffeau stone is part of a U-shaped farmhouse.\u00a0 The Logis is in an ideal location between Angers and Saumur (both towns of Art and History), near the [&hellip;]<\/p>\n","protected":false},"author":1,"featured_media":0,"parent":0,"menu_order":0,"comment_status":"closed","ping_status":"closed","template":"","meta":{"footnotes":""},"class_list":["post-5","page","type-page","status-publish","hentry"],"yoast_head":"<!-- This site is optimized with the Yoast SEO plugin v27.3 - https:\/\/yoast.com\/product\/yoast-seo-wordpress\/ -->\n<title>Home - La Pichonni\u00e8re<\/title>\n<meta name=\"description\" content=\"Bienvenue \u00e0 la Pichonni\u00e8re. Nous vous proposons 4 chambres d&#039;h\u00f4tes et deux g\u00eetes id\u00e9alement plac\u00e9s entre Angers et Saumur, pr\u00e8s du ch\u00e2teau de Brissac.\" \/>\n<meta name=\"robots\" content=\"index, follow, max-snippet:-1, max-image-preview:large, max-video-preview:-1\" \/>\n<link rel=\"canonical\" href=\"https:\/\/gite-brissac.com\/eng\/\" \/>\n<meta property=\"og:locale\" content=\"fr_FR\" \/>\n<meta property=\"og:type\" content=\"article\" \/>\n<meta property=\"og:title\" content=\"Home - La Pichonni\u00e8re\" \/>\n<meta property=\"og:description\" content=\"Bienvenue \u00e0 la Pichonni\u00e8re. Nous vous proposons 4 chambres d&#039;h\u00f4tes et deux g\u00eetes id\u00e9alement plac\u00e9s entre Angers et Saumur, pr\u00e8s du ch\u00e2teau de Brissac.\" \/>\n<meta property=\"og:url\" content=\"https:\/\/gite-brissac.com\/eng\/\" \/>\n<meta property=\"og:site_name\" content=\"La Pichonni\u00e8re\" \/>\n<meta property=\"article:modified_time\" content=\"2024-02-05T09:44:37+00:00\" \/>\n<meta property=\"og:image\" content=\"https:\/\/gite-brissac.com\/eng\/wp-content\/uploads\/2016\/03\/intheheartofanjour.png\" \/>\n<meta name=\"twitter:card\" content=\"summary_large_image\" \/>\n<meta name=\"twitter:label1\" content=\"Dur\u00e9e de lecture estim\u00e9e\" \/>\n\t<meta name=\"twitter:data1\" content=\"5 minutes\" \/>\n<script type=\"application\/ld+json\" class=\"yoast-schema-graph\">{\"@context\":\"https:\\\/\\\/schema.org\",\"@graph\":[{\"@type\":\"WebPage\",\"@id\":\"https:\\\/\\\/gite-brissac.com\\\/eng\\\/\",\"url\":\"https:\\\/\\\/gite-brissac.com\\\/eng\\\/\",\"name\":\"Home - La Pichonni\u00e8re\",\"isPartOf\":{\"@id\":\"https:\\\/\\\/gite-brissac.com\\\/eng\\\/#website\"},\"primaryImageOfPage\":{\"@id\":\"https:\\\/\\\/gite-brissac.com\\\/eng\\\/#primaryimage\"},\"image\":{\"@id\":\"https:\\\/\\\/gite-brissac.com\\\/eng\\\/#primaryimage\"},\"thumbnailUrl\":\"https:\\\/\\\/gite-brissac.com\\\/eng\\\/wp-content\\\/uploads\\\/2016\\\/03\\\/intheheartofanjour.png\",\"datePublished\":\"2016-03-29T08:43:24+00:00\",\"dateModified\":\"2024-02-05T09:44:37+00:00\",\"description\":\"Bienvenue \u00e0 la Pichonni\u00e8re. Nous vous proposons 4 chambres d'h\u00f4tes et deux g\u00eetes id\u00e9alement plac\u00e9s entre Angers et Saumur, pr\u00e8s du ch\u00e2teau de Brissac.\",\"breadcrumb\":{\"@id\":\"https:\\\/\\\/gite-brissac.com\\\/eng\\\/#breadcrumb\"},\"inLanguage\":\"fr-FR\",\"potentialAction\":[{\"@type\":\"ReadAction\",\"target\":[\"https:\\\/\\\/gite-brissac.com\\\/eng\\\/\"]}]},{\"@type\":\"ImageObject\",\"inLanguage\":\"fr-FR\",\"@id\":\"https:\\\/\\\/gite-brissac.com\\\/eng\\\/#primaryimage\",\"url\":\"https:\\\/\\\/gite-brissac.com\\\/eng\\\/wp-content\\\/uploads\\\/2016\\\/03\\\/intheheartofanjour.png\",\"contentUrl\":\"https:\\\/\\\/gite-brissac.com\\\/eng\\\/wp-content\\\/uploads\\\/2016\\\/03\\\/intheheartofanjour.png\",\"width\":664,\"height\":60},{\"@type\":\"BreadcrumbList\",\"@id\":\"https:\\\/\\\/gite-brissac.com\\\/eng\\\/#breadcrumb\",\"itemListElement\":[{\"@type\":\"ListItem\",\"position\":1,\"name\":\"Accueil\",\"item\":\"https:\\\/\\\/gite-brissac.com\\\/eng\\\/\"},{\"@type\":\"ListItem\",\"position\":2,\"name\":\"Home\"}]},{\"@type\":\"WebSite\",\"@id\":\"https:\\\/\\\/gite-brissac.com\\\/eng\\\/#website\",\"url\":\"https:\\\/\\\/gite-brissac.com\\\/eng\\\/\",\"name\":\"La Pichonni\u00e8re\",\"description\":\"Chambres d&#039;h\u00f4tes et g\u00eetes en Anjou\",\"potentialAction\":[{\"@type\":\"SearchAction\",\"target\":{\"@type\":\"EntryPoint\",\"urlTemplate\":\"https:\\\/\\\/gite-brissac.com\\\/eng\\\/?s={search_term_string}\"},\"query-input\":{\"@type\":\"PropertyValueSpecification\",\"valueRequired\":true,\"valueName\":\"search_term_string\"}}],\"inLanguage\":\"fr-FR\"}]}<\/script>\n<!-- \/ Yoast SEO plugin. -->","yoast_head_json":{"title":"Home - La Pichonni\u00e8re","description":"Bienvenue \u00e0 la Pichonni\u00e8re. Nous vous proposons 4 chambres d'h\u00f4tes et deux g\u00eetes id\u00e9alement plac\u00e9s entre Angers et Saumur, pr\u00e8s du ch\u00e2teau de Brissac.","robots":{"index":"index","follow":"follow","max-snippet":"max-snippet:-1","max-image-preview":"max-image-preview:large","max-video-preview":"max-video-preview:-1"},"canonical":"https:\/\/gite-brissac.com\/eng\/","og_locale":"fr_FR","og_type":"article","og_title":"Home - La Pichonni\u00e8re","og_description":"Bienvenue \u00e0 la Pichonni\u00e8re. Nous vous proposons 4 chambres d'h\u00f4tes et deux g\u00eetes id\u00e9alement plac\u00e9s entre Angers et Saumur, pr\u00e8s du ch\u00e2teau de Brissac.","og_url":"https:\/\/gite-brissac.com\/eng\/","og_site_name":"La Pichonni\u00e8re","article_modified_time":"2024-02-05T09:44:37+00:00","og_image":[{"url":"https:\/\/gite-brissac.com\/eng\/wp-content\/uploads\/2016\/03\/intheheartofanjour.png","type":"","width":"","height":""}],"twitter_card":"summary_large_image","twitter_misc":{"Dur\u00e9e de lecture estim\u00e9e":"5 minutes"},"schema":{"@context":"https:\/\/schema.org","@graph":[{"@type":"WebPage","@id":"https:\/\/gite-brissac.com\/eng\/","url":"https:\/\/gite-brissac.com\/eng\/","name":"Home - La Pichonni\u00e8re","isPartOf":{"@id":"https:\/\/gite-brissac.com\/eng\/#website"},"primaryImageOfPage":{"@id":"https:\/\/gite-brissac.com\/eng\/#primaryimage"},"image":{"@id":"https:\/\/gite-brissac.com\/eng\/#primaryimage"},"thumbnailUrl":"https:\/\/gite-brissac.com\/eng\/wp-content\/uploads\/2016\/03\/intheheartofanjour.png","datePublished":"2016-03-29T08:43:24+00:00","dateModified":"2024-02-05T09:44:37+00:00","description":"Bienvenue \u00e0 la Pichonni\u00e8re. Nous vous proposons 4 chambres d'h\u00f4tes et deux g\u00eetes id\u00e9alement plac\u00e9s entre Angers et Saumur, pr\u00e8s du ch\u00e2teau de Brissac.","breadcrumb":{"@id":"https:\/\/gite-brissac.com\/eng\/#breadcrumb"},"inLanguage":"fr-FR","potentialAction":[{"@type":"ReadAction","target":["https:\/\/gite-brissac.com\/eng\/"]}]},{"@type":"ImageObject","inLanguage":"fr-FR","@id":"https:\/\/gite-brissac.com\/eng\/#primaryimage","url":"https:\/\/gite-brissac.com\/eng\/wp-content\/uploads\/2016\/03\/intheheartofanjour.png","contentUrl":"https:\/\/gite-brissac.com\/eng\/wp-content\/uploads\/2016\/03\/intheheartofanjour.png","width":664,"height":60},{"@type":"BreadcrumbList","@id":"https:\/\/gite-brissac.com\/eng\/#breadcrumb","itemListElement":[{"@type":"ListItem","position":1,"name":"Accueil","item":"https:\/\/gite-brissac.com\/eng\/"},{"@type":"ListItem","position":2,"name":"Home"}]},{"@type":"WebSite","@id":"https:\/\/gite-brissac.com\/eng\/#website","url":"https:\/\/gite-brissac.com\/eng\/","name":"La Pichonni\u00e8re","description":"Chambres d&#039;h\u00f4tes et g\u00eetes en Anjou","potentialAction":[{"@type":"SearchAction","target":{"@type":"EntryPoint","urlTemplate":"https:\/\/gite-brissac.com\/eng\/?s={search_term_string}"},"query-input":{"@type":"PropertyValueSpecification","valueRequired":true,"valueName":"search_term_string"}}],"inLanguage":"fr-FR"}]}},"_links":{"self":[{"href":"https:\/\/gite-brissac.com\/eng\/wp-json\/wp\/v2\/pages\/5","targetHints":{"allow":["GET"]}}],"collection":[{"href":"https:\/\/gite-brissac.com\/eng\/wp-json\/wp\/v2\/pages"}],"about":[{"href":"https:\/\/gite-brissac.com\/eng\/wp-json\/wp\/v2\/types\/page"}],"author":[{"embeddable":true,"href":"https:\/\/gite-brissac.com\/eng\/wp-json\/wp\/v2\/users\/1"}],"replies":[{"embeddable":true,"href":"https:\/\/gite-brissac.com\/eng\/wp-json\/wp\/v2\/comments?post=5"}],"version-history":[{"count":9,"href":"https:\/\/gite-brissac.com\/eng\/wp-json\/wp\/v2\/pages\/5\/revisions"}],"predecessor-version":[{"id":1017,"href":"https:\/\/gite-brissac.com\/eng\/wp-json\/wp\/v2\/pages\/5\/revisions\/1017"}],"wp:attachment":[{"href":"https:\/\/gite-brissac.com\/eng\/wp-json\/wp\/v2\/media?parent=5"}],"curies":[{"name":"wp","href":"https:\/\/api.w.org\/{rel}","templated":true}]}}