{"id":330,"date":"2016-04-26T11:02:46","date_gmt":"2016-04-26T10:02:46","guid":{"rendered":"http:\/\/gite-brissac.com\/eng\/?page_id=330"},"modified":"2023-05-31T08:31:51","modified_gmt":"2023-05-31T07:31:51","slug":"contact","status":"publish","type":"page","link":"https:\/\/gite-brissac.com\/eng\/contact\/","title":{"rendered":"Contact us"},"content":{"rendered":"<div id=\"pl-330\"  class=\"panel-layout\" ><div id=\"pg-330-0\"  class=\"panel-grid panel-no-style\" ><div id=\"pgc-330-0-0\"  class=\"panel-grid-cell panel-grid-cell-mobile-last\" ><div id=\"panel-330-0-0-0\" class=\"so-panel widget widget_sow-editor panel-first-child panel-last-child\" data-index=\"0\" ><div\n\t\t\t\n\t\t\tclass=\"so-widget-sow-editor so-widget-sow-editor-base\"\n\t\t\t\n\t\t>\n<div class=\"siteorigin-widget-tinymce textwidget\">\n\t<p style=\"text-align: left;\"><strong>Martine et Jean-Claude Colibet-Martin<\/strong><\/p>\n<p style=\"text-align: left;\">La Pichonni\u00e8re<\/p>\n<p>363 chemin de la Pichonni\u00e8re<\/p>\n<p style=\"text-align: left;\">Charc\u00e9-Saint-Ellier-sur-Aubance<\/p>\n<p>49320 Brissac Loire Aubance<\/p>\n<p style=\"text-align: left;\"><strong>T\u00e9l. 33 (0)2 41 91 29 37<\/strong><\/p>\n<p style=\"text-align: left;\"><strong>Mobile. 33 (0)6 74 49 02 10<\/strong><\/p>\n<p style=\"text-align: left;\">\n<\/div>\n<\/div><\/div><\/div><div id=\"pgc-330-0-1\"  class=\"panel-grid-cell panel-grid-cell-empty\" ><\/div><\/div><div id=\"pg-330-1\"  class=\"panel-grid panel-no-style\" ><div id=\"pgc-330-1-0\"  class=\"panel-grid-cell panel-grid-cell-mobile-last\" ><div id=\"panel-330-1-0-0\" class=\"so-panel widget widget_frm_show_form panel-first-child panel-last-child\"><div class=\"frm_form_widget\"><div class=\"frm_forms  with_frm_style frm_style_style-formidable\" id=\"frm_form_2_container\" >\n<form enctype=\"multipart\/form-data\" method=\"post\" class=\"frm-show-form  frm_pro_form \" id=\"form_contact-form2\" >\n<div class=\"frm_form_fields \">\n<fieldset>\n<legend class=\"frm_screen_reader\">Formulaire de contact 1<\/legend>\r\n\r\n<div class=\"frm_fields_container\">\n<input type=\"hidden\" name=\"frm_action\" value=\"create\" \/>\n<input type=\"hidden\" name=\"form_id\" value=\"2\" \/>\n<input type=\"hidden\" name=\"frm_hide_fields_2\" id=\"frm_hide_fields_2\" value=\"\" \/>\n<input type=\"hidden\" name=\"form_key\" value=\"contact-form2\" \/>\n<input type=\"hidden\" name=\"item_meta[0]\" value=\"\" \/>\n<input type=\"hidden\" id=\"frm_submit_entry_2\" name=\"frm_submit_entry_2\" value=\"427b691477\" \/><input type=\"hidden\" name=\"_wp_http_referer\" value=\"\/eng\/wp-json\/wp\/v2\/pages\/330\" \/><div id=\"frm_field_6_container\" class=\"frm_form_field form-field  frm_required_field frm_top_container frm12 frm_first\">\r\n    <label for=\"field_qh4icy2\" id=\"field_qh4icy2_label\" class=\"frm_primary_label\">Name\r\n        <span class=\"frm_required\" aria-hidden=\"true\">*<\/span>\r\n    <\/label>\r\n    <input  type=\"text\" id=\"field_qh4icy2\" name=\"item_meta[6]\" value=\"\"  data-reqmsg=\"Ce champ ne peut pas \u00eatre vide\" aria-required=\"true\" data-invmsg=\"Name est non valide\" aria-invalid=\"false\"   \/>\r\n    \r\n    \r\n<\/div>\n<div id=\"frm_field_7_container\" class=\"frm_form_field form-field  frm_required_field frm_hidden_container frm12 frm_first\">\r\n    <label for=\"field_ocfup12\" id=\"field_ocfup12_label\" class=\"frm_primary_label\">Last name\r\n        <span class=\"frm_required\" aria-hidden=\"true\">*<\/span>\r\n    <\/label>\r\n    <input  type=\"text\" id=\"field_ocfup12\" name=\"item_meta[7]\" value=\"\"  data-reqmsg=\"Ce champ ne peut pas \u00eatre vide\" aria-required=\"true\" data-invmsg=\"Last est non valide\" aria-invalid=\"false\"   \/>\r\n    \r\n    \r\n<\/div>\n<div id=\"frm_field_8_container\" class=\"frm_form_field form-field  frm_required_field frm_top_container frm_full\">\r\n    <label for=\"field_29yf4d2\" id=\"field_29yf4d2_label\" class=\"frm_primary_label\">E-mail\r\n        <span class=\"frm_required\" aria-hidden=\"true\">*<\/span>\r\n    <\/label>\r\n    <input type=\"email\" id=\"field_29yf4d2\" name=\"item_meta[8]\" value=\"\"  data-reqmsg=\"Ce champ ne peut pas \u00eatre vide\" aria-required=\"true\" data-invmsg=\"Please enter a valid email address\" aria-invalid=\"false\"  \/>\r\n    \r\n    \r\n<\/div>\n<div id=\"frm_field_9_container\" class=\"frm_form_field form-field  frm_required_field frm_top_container frm_full\">\r\n    <label for=\"field_e6lis62\" id=\"field_e6lis62_label\" class=\"frm_primary_label\">Subject\r\n        <span class=\"frm_required\" aria-hidden=\"true\">*<\/span>\r\n    <\/label>\r\n    <input  type=\"text\" id=\"field_e6lis62\" name=\"item_meta[9]\" value=\"\"  data-reqmsg=\"Ce champ ne peut pas \u00eatre vide\" aria-required=\"true\" data-invmsg=\"Subject est non valide\" aria-invalid=\"false\"   \/>\r\n    \r\n    \r\n<\/div>\n<div id=\"frm_field_10_container\" class=\"frm_form_field form-field  frm_required_field frm_top_container frm_full\">\r\n    <label for=\"field_9jv0r12\" id=\"field_9jv0r12_label\" class=\"frm_primary_label\">Message\r\n        <span class=\"frm_required\" aria-hidden=\"true\">*<\/span>\r\n    <\/label>\r\n    <textarea name=\"item_meta[10]\" id=\"field_9jv0r12\" rows=\"5\"  data-reqmsg=\"Ce champ ne peut pas \u00eatre vide\" aria-required=\"true\" data-invmsg=\"Message est non valide\" aria-invalid=\"false\"  ><\/textarea>\r\n    \r\n    \r\n<\/div>\n<div id=\"frm_field_11_container\" class=\"frm_form_field form-field  frm_required_field frm_top_container vertical_radio\">\r\n    <div  id=\"field_lbnk5_label\" class=\"frm_primary_label\">Privacy Policy\r\n        <span class=\"frm_required\" aria-hidden=\"true\">*<\/span>\r\n    <\/div>\r\n    <div class=\"frm_opt_container\" aria-labelledby=\"field_lbnk5_label\" role=\"group\">\t\t<div class=\"frm_checkbox\" id=\"frm_checkbox_11-0\">\t\t\t<label  for=\"field_lbnk5-0\">\n\t\t\t<input type=\"checkbox\" name=\"item_meta[11][]\" id=\"field_lbnk5-0\" value=\"I have read and accept the privacy policy of this site\"  data-reqmsg=\"Ce champ ne peut pas \u00eatre vide\" data-invmsg=\"Privacy Policy est non valide\"   aria-required=\"true\"  \/> I have read and accept the privacy policy of this site<\/label><\/div>\n<\/div>\r\n    \r\n    \r\n<\/div>\n<div id=\"frm_field_97_container\" class=\"frm_form_field form-field  frm_none_container\">\r\n    <label for=\"g-recaptcha-response\" id=\"field_oet0x_label\" class=\"frm_primary_label\">Captcha\r\n        <span class=\"frm_required\" aria-hidden=\"true\"><\/span>\r\n    <\/label>\r\n    <div  id=\"field_oet0x\" class=\"frm-g-recaptcha\" data-sitekey=\"6Lf8u6AUAAAAAEcUdCkeruE_BdC8ZUTPpvvB1ZdH\" data-size=\"invisible\" data-theme=\"light\"><\/div>\r\n    \r\n    \r\n<\/div>\n\t<input type=\"hidden\" name=\"item_key\" value=\"\" \/>\n\t\t\t<div id=\"frm_field_98_container\">\n\t\t\t<label for=\"field_91ulr\" >\n\t\t\t\tSi vous \u00eates un humain, ne remplissez pas ce champ.\t\t\t<\/label>\n\t\t\t<input  id=\"field_91ulr\" type=\"text\" class=\"frm_form_field form-field frm_verify\" name=\"item_meta[98]\" value=\"\"  \/>\n\t\t<\/div>\n\t\t<input name=\"frm_state\" type=\"hidden\" value=\"ps4C9Tr28v+7RQQUoKmJP5aOnmuN0gZW\/54EfmLWsVG2biDmxGtiDObgBHj+c4eQ\" \/><div class=\"frm_submit\">\r\n\r\n<button class=\"frm_button_submit frm_final_submit\" type=\"submit\"   formnovalidate=\"formnovalidate\">Envoyer<\/button>\r\n\r\n\r\n<\/div><\/div>\n<\/fieldset>\n<\/div>\n\n<\/form>\n<\/div>\n<\/div><\/div><\/div><div id=\"pgc-330-1-1\"  class=\"panel-grid-cell panel-grid-cell-empty\" ><\/div><\/div><\/div>","protected":false},"excerpt":{"rendered":"<p>Martine et Jean-Claude Colibet-Martin La Pichonni\u00e8re 363 chemin de la Pichonni\u00e8re Charc\u00e9-Saint-Ellier-sur-Aubance 49320 Brissac Loire Aubance T\u00e9l. 33 (0)2 41 91 29 37 Mobile. 33 (0)6 74 49 02 10<\/p>\n","protected":false},"author":1,"featured_media":0,"parent":0,"menu_order":80,"comment_status":"closed","ping_status":"closed","template":"","meta":{"footnotes":""},"class_list":["post-330","page","type-page","status-publish","hentry"],"yoast_head":"<!-- This site is optimized with the Yoast SEO plugin v27.3 - https:\/\/yoast.com\/product\/yoast-seo-wordpress\/ -->\n<title>Contact us - La Pichonni\u00e8re<\/title>\n<meta name=\"robots\" content=\"index, follow, max-snippet:-1, max-image-preview:large, max-video-preview:-1\" \/>\n<link rel=\"canonical\" href=\"https:\/\/gite-brissac.com\/eng\/contact\/\" \/>\n<meta property=\"og:locale\" content=\"fr_FR\" \/>\n<meta property=\"og:type\" content=\"article\" \/>\n<meta property=\"og:title\" content=\"Contact us - La Pichonni\u00e8re\" \/>\n<meta property=\"og:description\" content=\"Martine et Jean-Claude Colibet-Martin La Pichonni\u00e8re 363 chemin de la Pichonni\u00e8re Charc\u00e9-Saint-Ellier-sur-Aubance 49320 Brissac Loire Aubance T\u00e9l. 33 (0)2 41 91 29 37 Mobile. 33 (0)6 74 49 02 10\" \/>\n<meta property=\"og:url\" content=\"https:\/\/gite-brissac.com\/eng\/contact\/\" \/>\n<meta property=\"og:site_name\" content=\"La Pichonni\u00e8re\" \/>\n<meta property=\"article:modified_time\" content=\"2023-05-31T07:31:51+00:00\" \/>\n<meta name=\"twitter:card\" content=\"summary_large_image\" \/>\n<meta name=\"twitter:label1\" content=\"Dur\u00e9e de lecture estim\u00e9e\" \/>\n\t<meta name=\"twitter:data1\" content=\"1 minute\" \/>\n<script type=\"application\/ld+json\" class=\"yoast-schema-graph\">{\"@context\":\"https:\\\/\\\/schema.org\",\"@graph\":[{\"@type\":\"WebPage\",\"@id\":\"https:\\\/\\\/gite-brissac.com\\\/eng\\\/contact\\\/\",\"url\":\"https:\\\/\\\/gite-brissac.com\\\/eng\\\/contact\\\/\",\"name\":\"Contact us - La Pichonni\u00e8re\",\"isPartOf\":{\"@id\":\"https:\\\/\\\/gite-brissac.com\\\/eng\\\/#website\"},\"datePublished\":\"2016-04-26T10:02:46+00:00\",\"dateModified\":\"2023-05-31T07:31:51+00:00\",\"breadcrumb\":{\"@id\":\"https:\\\/\\\/gite-brissac.com\\\/eng\\\/contact\\\/#breadcrumb\"},\"inLanguage\":\"fr-FR\",\"potentialAction\":[{\"@type\":\"ReadAction\",\"target\":[\"https:\\\/\\\/gite-brissac.com\\\/eng\\\/contact\\\/\"]}]},{\"@type\":\"BreadcrumbList\",\"@id\":\"https:\\\/\\\/gite-brissac.com\\\/eng\\\/contact\\\/#breadcrumb\",\"itemListElement\":[{\"@type\":\"ListItem\",\"position\":1,\"name\":\"Accueil\",\"item\":\"https:\\\/\\\/gite-brissac.com\\\/eng\\\/\"},{\"@type\":\"ListItem\",\"position\":2,\"name\":\"Contact us\"}]},{\"@type\":\"WebSite\",\"@id\":\"https:\\\/\\\/gite-brissac.com\\\/eng\\\/#website\",\"url\":\"https:\\\/\\\/gite-brissac.com\\\/eng\\\/\",\"name\":\"La Pichonni\u00e8re\",\"description\":\"Chambres d&#039;h\u00f4tes et g\u00eetes en Anjou\",\"potentialAction\":[{\"@type\":\"SearchAction\",\"target\":{\"@type\":\"EntryPoint\",\"urlTemplate\":\"https:\\\/\\\/gite-brissac.com\\\/eng\\\/?s={search_term_string}\"},\"query-input\":{\"@type\":\"PropertyValueSpecification\",\"valueRequired\":true,\"valueName\":\"search_term_string\"}}],\"inLanguage\":\"fr-FR\"}]}<\/script>\n<!-- \/ Yoast SEO plugin. -->","yoast_head_json":{"title":"Contact us - La Pichonni\u00e8re","robots":{"index":"index","follow":"follow","max-snippet":"max-snippet:-1","max-image-preview":"max-image-preview:large","max-video-preview":"max-video-preview:-1"},"canonical":"https:\/\/gite-brissac.com\/eng\/contact\/","og_locale":"fr_FR","og_type":"article","og_title":"Contact us - La Pichonni\u00e8re","og_description":"Martine et Jean-Claude Colibet-Martin La Pichonni\u00e8re 363 chemin de la Pichonni\u00e8re Charc\u00e9-Saint-Ellier-sur-Aubance 49320 Brissac Loire Aubance T\u00e9l. 33 (0)2 41 91 29 37 Mobile. 33 (0)6 74 49 02 10","og_url":"https:\/\/gite-brissac.com\/eng\/contact\/","og_site_name":"La Pichonni\u00e8re","article_modified_time":"2023-05-31T07:31:51+00:00","twitter_card":"summary_large_image","twitter_misc":{"Dur\u00e9e de lecture estim\u00e9e":"1 minute"},"schema":{"@context":"https:\/\/schema.org","@graph":[{"@type":"WebPage","@id":"https:\/\/gite-brissac.com\/eng\/contact\/","url":"https:\/\/gite-brissac.com\/eng\/contact\/","name":"Contact us - La Pichonni\u00e8re","isPartOf":{"@id":"https:\/\/gite-brissac.com\/eng\/#website"},"datePublished":"2016-04-26T10:02:46+00:00","dateModified":"2023-05-31T07:31:51+00:00","breadcrumb":{"@id":"https:\/\/gite-brissac.com\/eng\/contact\/#breadcrumb"},"inLanguage":"fr-FR","potentialAction":[{"@type":"ReadAction","target":["https:\/\/gite-brissac.com\/eng\/contact\/"]}]},{"@type":"BreadcrumbList","@id":"https:\/\/gite-brissac.com\/eng\/contact\/#breadcrumb","itemListElement":[{"@type":"ListItem","position":1,"name":"Accueil","item":"https:\/\/gite-brissac.com\/eng\/"},{"@type":"ListItem","position":2,"name":"Contact us"}]},{"@type":"WebSite","@id":"https:\/\/gite-brissac.com\/eng\/#website","url":"https:\/\/gite-brissac.com\/eng\/","name":"La Pichonni\u00e8re","description":"Chambres d&#039;h\u00f4tes et g\u00eetes en Anjou","potentialAction":[{"@type":"SearchAction","target":{"@type":"EntryPoint","urlTemplate":"https:\/\/gite-brissac.com\/eng\/?s={search_term_string}"},"query-input":{"@type":"PropertyValueSpecification","valueRequired":true,"valueName":"search_term_string"}}],"inLanguage":"fr-FR"}]}},"_links":{"self":[{"href":"https:\/\/gite-brissac.com\/eng\/wp-json\/wp\/v2\/pages\/330","targetHints":{"allow":["GET"]}}],"collection":[{"href":"https:\/\/gite-brissac.com\/eng\/wp-json\/wp\/v2\/pages"}],"about":[{"href":"https:\/\/gite-brissac.com\/eng\/wp-json\/wp\/v2\/types\/page"}],"author":[{"embeddable":true,"href":"https:\/\/gite-brissac.com\/eng\/wp-json\/wp\/v2\/users\/1"}],"replies":[{"embeddable":true,"href":"https:\/\/gite-brissac.com\/eng\/wp-json\/wp\/v2\/comments?post=330"}],"version-history":[{"count":6,"href":"https:\/\/gite-brissac.com\/eng\/wp-json\/wp\/v2\/pages\/330\/revisions"}],"predecessor-version":[{"id":1007,"href":"https:\/\/gite-brissac.com\/eng\/wp-json\/wp\/v2\/pages\/330\/revisions\/1007"}],"wp:attachment":[{"href":"https:\/\/gite-brissac.com\/eng\/wp-json\/wp\/v2\/media?parent=330"}],"curies":[{"name":"wp","href":"https:\/\/api.w.org\/{rel}","templated":true}]}}