{"id":23,"date":"2016-03-29T09:47:36","date_gmt":"2016-03-29T08:47:36","guid":{"rendered":"http:\/\/gite-brissac.com\/eng\/?page_id=23"},"modified":"2016-06-02T11:55:48","modified_gmt":"2016-06-02T10:55:48","slug":"legal-information","status":"publish","type":"page","link":"https:\/\/gite-brissac.com\/eng\/legal-information\/","title":{"rendered":"Legal information"},"content":{"rendered":"<p><strong>La Pichonni\u00e8re<\/strong><\/p>\n<p>49320 Charc\u00e9-Saint-Ellier<br \/>\nTel. 02 41 9129 37<\/p>\n<p><strong>In charge of publication<\/strong><\/p>\n<p>This website is edited by Martine et Jean-Claude Colibet.<\/p>\n<p><strong>Design<\/strong><\/p>\n<p>Marie Rabault<br \/>\n2 rue des Planches<br \/>\n49320 Brissac-Quinc\u00e9<br \/>\n06 64 58 65 65 \u2013 <a href=\"mailto:contact@marierabault.com\">contact@marierabault.com<\/a> \u2013 <a href=\"http:\/\/www.marierabault.com\" target=\"_blank\">www.marierabault.com<\/a><\/p>\n<p><strong>Hosting<\/strong><\/p>\n<p>1&amp;1 Internet SARL<br \/>\n7, place de la Gare<br \/>\n57201 Sarreguemines Cedex<\/p>\n<p><strong>Processing of personal data<\/strong><\/p>\n<p>The electronic messages sent to La Pichonni\u00e8re and the electronic addresses used to send further information may be kept. The data collected may be subject to computer processing. In accordance with the French Data Protection and Freedom of Information Law French of 6th January 1978 and modified in 2004, you have the right to access and rectify any personal data, that you may exercise by addressing a postal request to La Pichonni\u00e8re. You may also, for legitimate reasons, object to the processing of your personal data.<\/p>\n<p><strong>Responsibility<\/strong><\/p>\n<p>Hypertext links towards other websites do not incur La Pichonni\u00e8re\u2019s responsibility regarding the content of those sites. Access to all the other websites linked to this website is at the user\u2019s risk. La Pichonni\u00e8re may not be held responsible for the direct or indirect damage resulting from the use of this website, or the impossibility for a third-party to use it, or any malfunction, interruption, or viruses resulting from the access or use of this site or any sites linked to it.<\/p>\n<p><strong>Reproduction rights<\/strong><\/p>\n<p>Copying of pages from the site shall have received prior authorisation from the person responsible for publication. Creating of links with the La Pichonni\u00e8re website is free.<\/p>\n<p><strong>Copyright<\/strong><\/p>\n<p>All the pages in this website are protected by French copyright laws and the law on the protection of databases. Full or partial reproduction of this document, other than that provided in article L 122-5 of the Intellectual Property Code is prohibited if it has not been expressly authorized by the editor.<\/p>\n<p><strong>Cookies<\/strong><\/p>\n<p>In order to improve our service, this site uses cookies. A cookie is a data file stored on your hard disk which makes it possible to recognize you over an unlimited period of time. You may of course delete these cookies by deactivating them in your search engine.<\/p>\n","protected":false},"excerpt":{"rendered":"<p>La Pichonni\u00e8re 49320 Charc\u00e9-Saint-Ellier Tel. 02 41 9129 37 In charge of publication This website is edited by Martine et Jean-Claude Colibet. Design Marie Rabault 2 rue des Planches 49320 Brissac-Quinc\u00e9 06 64 58 65 65 \u2013 contact@marierabault.com \u2013 www.marierabault.com Hosting 1&amp;1 Internet SARL 7, place de la Gare 57201 Sarreguemines Cedex Processing of personal [&hellip;]<\/p>\n","protected":false},"author":1,"featured_media":0,"parent":0,"menu_order":100,"comment_status":"closed","ping_status":"closed","template":"","meta":{"footnotes":""},"class_list":["post-23","page","type-page","status-publish","hentry"],"yoast_head":"<!-- This site is optimized with the Yoast SEO plugin v27.3 - https:\/\/yoast.com\/product\/yoast-seo-wordpress\/ -->\n<title>Legal information - La Pichonni\u00e8re<\/title>\n<meta name=\"robots\" content=\"index, follow, max-snippet:-1, max-image-preview:large, max-video-preview:-1\" \/>\n<link rel=\"canonical\" href=\"https:\/\/gite-brissac.com\/eng\/legal-information\/\" \/>\n<meta property=\"og:locale\" content=\"fr_FR\" \/>\n<meta property=\"og:type\" content=\"article\" \/>\n<meta property=\"og:title\" content=\"Legal information - La Pichonni\u00e8re\" \/>\n<meta property=\"og:description\" content=\"La Pichonni\u00e8re 49320 Charc\u00e9-Saint-Ellier Tel. 02 41 9129 37 In charge of publication This website is edited by Martine et Jean-Claude Colibet. Design Marie Rabault 2 rue des Planches 49320 Brissac-Quinc\u00e9 06 64 58 65 65 \u2013 contact@marierabault.com \u2013 www.marierabault.com Hosting 1&amp;1 Internet SARL 7, place de la Gare 57201 Sarreguemines Cedex Processing of personal [&hellip;]\" \/>\n<meta property=\"og:url\" content=\"https:\/\/gite-brissac.com\/eng\/legal-information\/\" \/>\n<meta property=\"og:site_name\" content=\"La Pichonni\u00e8re\" \/>\n<meta property=\"article:modified_time\" content=\"2016-06-02T10:55:48+00:00\" \/>\n<meta name=\"twitter:card\" content=\"summary_large_image\" \/>\n<meta name=\"twitter:label1\" content=\"Dur\u00e9e de lecture estim\u00e9e\" \/>\n\t<meta name=\"twitter:data1\" content=\"2 minutes\" \/>\n<script type=\"application\/ld+json\" class=\"yoast-schema-graph\">{\"@context\":\"https:\\\/\\\/schema.org\",\"@graph\":[{\"@type\":\"WebPage\",\"@id\":\"https:\\\/\\\/gite-brissac.com\\\/eng\\\/legal-information\\\/\",\"url\":\"https:\\\/\\\/gite-brissac.com\\\/eng\\\/legal-information\\\/\",\"name\":\"Legal information - La Pichonni\u00e8re\",\"isPartOf\":{\"@id\":\"https:\\\/\\\/gite-brissac.com\\\/eng\\\/#website\"},\"datePublished\":\"2016-03-29T08:47:36+00:00\",\"dateModified\":\"2016-06-02T10:55:48+00:00\",\"breadcrumb\":{\"@id\":\"https:\\\/\\\/gite-brissac.com\\\/eng\\\/legal-information\\\/#breadcrumb\"},\"inLanguage\":\"fr-FR\",\"potentialAction\":[{\"@type\":\"ReadAction\",\"target\":[\"https:\\\/\\\/gite-brissac.com\\\/eng\\\/legal-information\\\/\"]}]},{\"@type\":\"BreadcrumbList\",\"@id\":\"https:\\\/\\\/gite-brissac.com\\\/eng\\\/legal-information\\\/#breadcrumb\",\"itemListElement\":[{\"@type\":\"ListItem\",\"position\":1,\"name\":\"Accueil\",\"item\":\"https:\\\/\\\/gite-brissac.com\\\/eng\\\/\"},{\"@type\":\"ListItem\",\"position\":2,\"name\":\"Legal information\"}]},{\"@type\":\"WebSite\",\"@id\":\"https:\\\/\\\/gite-brissac.com\\\/eng\\\/#website\",\"url\":\"https:\\\/\\\/gite-brissac.com\\\/eng\\\/\",\"name\":\"La Pichonni\u00e8re\",\"description\":\"Chambres d&#039;h\u00f4tes et g\u00eetes en Anjou\",\"potentialAction\":[{\"@type\":\"SearchAction\",\"target\":{\"@type\":\"EntryPoint\",\"urlTemplate\":\"https:\\\/\\\/gite-brissac.com\\\/eng\\\/?s={search_term_string}\"},\"query-input\":{\"@type\":\"PropertyValueSpecification\",\"valueRequired\":true,\"valueName\":\"search_term_string\"}}],\"inLanguage\":\"fr-FR\"}]}<\/script>\n<!-- \/ Yoast SEO plugin. -->","yoast_head_json":{"title":"Legal information - La Pichonni\u00e8re","robots":{"index":"index","follow":"follow","max-snippet":"max-snippet:-1","max-image-preview":"max-image-preview:large","max-video-preview":"max-video-preview:-1"},"canonical":"https:\/\/gite-brissac.com\/eng\/legal-information\/","og_locale":"fr_FR","og_type":"article","og_title":"Legal information - La Pichonni\u00e8re","og_description":"La Pichonni\u00e8re 49320 Charc\u00e9-Saint-Ellier Tel. 02 41 9129 37 In charge of publication This website is edited by Martine et Jean-Claude Colibet. Design Marie Rabault 2 rue des Planches 49320 Brissac-Quinc\u00e9 06 64 58 65 65 \u2013 contact@marierabault.com \u2013 www.marierabault.com Hosting 1&amp;1 Internet SARL 7, place de la Gare 57201 Sarreguemines Cedex Processing of personal [&hellip;]","og_url":"https:\/\/gite-brissac.com\/eng\/legal-information\/","og_site_name":"La Pichonni\u00e8re","article_modified_time":"2016-06-02T10:55:48+00:00","twitter_card":"summary_large_image","twitter_misc":{"Dur\u00e9e de lecture estim\u00e9e":"2 minutes"},"schema":{"@context":"https:\/\/schema.org","@graph":[{"@type":"WebPage","@id":"https:\/\/gite-brissac.com\/eng\/legal-information\/","url":"https:\/\/gite-brissac.com\/eng\/legal-information\/","name":"Legal information - La Pichonni\u00e8re","isPartOf":{"@id":"https:\/\/gite-brissac.com\/eng\/#website"},"datePublished":"2016-03-29T08:47:36+00:00","dateModified":"2016-06-02T10:55:48+00:00","breadcrumb":{"@id":"https:\/\/gite-brissac.com\/eng\/legal-information\/#breadcrumb"},"inLanguage":"fr-FR","potentialAction":[{"@type":"ReadAction","target":["https:\/\/gite-brissac.com\/eng\/legal-information\/"]}]},{"@type":"BreadcrumbList","@id":"https:\/\/gite-brissac.com\/eng\/legal-information\/#breadcrumb","itemListElement":[{"@type":"ListItem","position":1,"name":"Accueil","item":"https:\/\/gite-brissac.com\/eng\/"},{"@type":"ListItem","position":2,"name":"Legal information"}]},{"@type":"WebSite","@id":"https:\/\/gite-brissac.com\/eng\/#website","url":"https:\/\/gite-brissac.com\/eng\/","name":"La Pichonni\u00e8re","description":"Chambres d&#039;h\u00f4tes et g\u00eetes en Anjou","potentialAction":[{"@type":"SearchAction","target":{"@type":"EntryPoint","urlTemplate":"https:\/\/gite-brissac.com\/eng\/?s={search_term_string}"},"query-input":{"@type":"PropertyValueSpecification","valueRequired":true,"valueName":"search_term_string"}}],"inLanguage":"fr-FR"}]}},"_links":{"self":[{"href":"https:\/\/gite-brissac.com\/eng\/wp-json\/wp\/v2\/pages\/23","targetHints":{"allow":["GET"]}}],"collection":[{"href":"https:\/\/gite-brissac.com\/eng\/wp-json\/wp\/v2\/pages"}],"about":[{"href":"https:\/\/gite-brissac.com\/eng\/wp-json\/wp\/v2\/types\/page"}],"author":[{"embeddable":true,"href":"https:\/\/gite-brissac.com\/eng\/wp-json\/wp\/v2\/users\/1"}],"replies":[{"embeddable":true,"href":"https:\/\/gite-brissac.com\/eng\/wp-json\/wp\/v2\/comments?post=23"}],"version-history":[{"count":0,"href":"https:\/\/gite-brissac.com\/eng\/wp-json\/wp\/v2\/pages\/23\/revisions"}],"wp:attachment":[{"href":"https:\/\/gite-brissac.com\/eng\/wp-json\/wp\/v2\/media?parent=23"}],"curies":[{"name":"wp","href":"https:\/\/api.w.org\/{rel}","templated":true}]}}