{"id":13,"date":"2016-03-29T09:46:06","date_gmt":"2016-03-29T08:46:06","guid":{"rendered":"http:\/\/gite-brissac.com\/eng\/?page_id=13"},"modified":"2023-05-24T10:29:31","modified_gmt":"2023-05-24T09:29:31","slug":"services","status":"publish","type":"page","link":"https:\/\/gite-brissac.com\/eng\/services\/","title":{"rendered":"Services"},"content":{"rendered":"<div id=\"pl-13\"  class=\"panel-layout\" ><div id=\"pg-13-0\"  class=\"panel-grid panel-no-style\" ><div id=\"pgc-13-0-0\"  class=\"panel-grid-cell\" ><div id=\"panel-13-0-0-0\" class=\"so-panel widget widget_sow-image panel-first-child\" data-index=\"0\" ><div\n\t\t\t\n\t\t\tclass=\"so-widget-sow-image so-widget-sow-image-default-8b5b6f678277-13\"\n\t\t\t\n\t\t>\n<div class=\"sow-image-container\">\n\t\t<img \n\tsrc=\"https:\/\/gite-brissac.com\/eng\/wp-content\/uploads\/2022\/03\/pichonniere-chambre-salle-manger.jpg\" width=\"1200\" height=\"900\" srcset=\"https:\/\/gite-brissac.com\/eng\/wp-content\/uploads\/2022\/03\/pichonniere-chambre-salle-manger.jpg 1200w, https:\/\/gite-brissac.com\/eng\/wp-content\/uploads\/2022\/03\/pichonniere-chambre-salle-manger-300x225.jpg 300w, https:\/\/gite-brissac.com\/eng\/wp-content\/uploads\/2022\/03\/pichonniere-chambre-salle-manger-1024x768.jpg 1024w, https:\/\/gite-brissac.com\/eng\/wp-content\/uploads\/2022\/03\/pichonniere-chambre-salle-manger-768x576.jpg 768w\" sizes=\"(max-width: 1200px) 100vw, 1200px\" alt=\"\" \t\tclass=\"so-widget-image\"\/>\n\t<\/div>\n\n<\/div><\/div><div id=\"panel-13-0-0-1\" class=\"so-panel widget widget_sow-image panel-last-child\" data-index=\"1\" ><div\n\t\t\t\n\t\t\tclass=\"so-widget-sow-image so-widget-sow-image-default-8b5b6f678277-13\"\n\t\t\t\n\t\t>\n<div class=\"sow-image-container\">\n\t\t<img \n\tsrc=\"https:\/\/gite-brissac.com\/eng\/wp-content\/uploads\/2022\/03\/pichonniere-chambre-hote-petitdejeuner.jpg\" width=\"1200\" height=\"900\" srcset=\"https:\/\/gite-brissac.com\/eng\/wp-content\/uploads\/2022\/03\/pichonniere-chambre-hote-petitdejeuner.jpg 1200w, https:\/\/gite-brissac.com\/eng\/wp-content\/uploads\/2022\/03\/pichonniere-chambre-hote-petitdejeuner-300x225.jpg 300w, https:\/\/gite-brissac.com\/eng\/wp-content\/uploads\/2022\/03\/pichonniere-chambre-hote-petitdejeuner-1024x768.jpg 1024w, https:\/\/gite-brissac.com\/eng\/wp-content\/uploads\/2022\/03\/pichonniere-chambre-hote-petitdejeuner-768x576.jpg 768w\" sizes=\"(max-width: 1200px) 100vw, 1200px\" title=\"Petit d\u00e9jeuner \u00e0 la Pichonni\u00e8re\" alt=\"Petit d\u00e9jeuner \u00e0 la Pichonni\u00e8re\" \t\tclass=\"so-widget-image\"\/>\n\t<\/div>\n\n<\/div><\/div><\/div><div id=\"pgc-13-0-1\"  class=\"panel-grid-cell\" ><div id=\"panel-13-0-1-0\" class=\"so-panel widget widget_sow-editor panel-first-child\" data-index=\"2\" ><div\n\t\t\t\n\t\t\tclass=\"so-widget-sow-editor so-widget-sow-editor-base\"\n\t\t\t\n\t\t><h3 class=\"widget-title\">Breakfast<\/h3>\n<div class=\"siteorigin-widget-tinymce textwidget\">\n\t<p><strong>We can adapt to whatever time you would like your breakfast.<\/strong><\/p>\n<p>We offer you a full breakfast with our home-made products or products from the organic producers of the <strong><a href=\"http:\/\/amap.goganes.free.fr\" target=\"_blank\" rel=\"noopener\">Amap des Goganes de l\u2019Aubance<\/a><\/strong>.<\/p>\n<div id=\"simple-translate\" class=\"simple-translate-light-theme\">\n<div>\n<div class=\"simple-translate-button isShow\" style=\"background-image: url('moz-extension:\/\/555fbbfc-b7ef-4b98-b7d5-c12eb71eca95\/icons\/512.png'); height: 22px; width: 22px; top: 115px; left: 427px;\"><\/div>\n<div class=\"simple-translate-panel \" style=\"width: 300px; height: 200px; top: 0px; left: 0px; font-size: 13px;\">\n<div class=\"simple-translate-result-wrapper\" style=\"overflow: hidden;\">\n<div class=\"simple-translate-move\" draggable=\"true\"><\/div>\n<div class=\"simple-translate-result-contents\">\n<p class=\"simple-translate-result\" dir=\"auto\">\n<p class=\"simple-translate-candidate\" dir=\"auto\">\n<\/div>\n<\/div>\n<\/div>\n<\/div>\n<\/div>\n<\/div>\n<\/div><\/div><div id=\"panel-13-0-1-1\" class=\"so-panel widget widget_sow-editor panel-last-child\" data-index=\"3\" ><div\n\t\t\t\n\t\t\tclass=\"so-widget-sow-editor so-widget-sow-editor-base\"\n\t\t\t\n\t\t><h3 class=\"widget-title\">Other<\/h3>\n<div class=\"siteorigin-widget-tinymce textwidget\">\n\t<p><strong>We offer you the Drive service on your arrival:<\/strong><\/p>\n<p>Before your arrival, you order at <a href=\"https:\/\/fd2-courses.leclercdrive.fr\/magasin-144901-Brissac-Quince.aspx\" target=\"_blank\" rel=\"noopener\">Leclerc Drive Brissac-Quinc\u00e9 (49320)<\/a>.<\/p>\n<p>You will send us an email (<a href=\"mailto:pichonniere@gite-brissac.com\">pichonniere@gite-brissac.com<\/a>) with your order form.<\/p>\n<p>A few hours before your arrival, with your order form, we will pick up your purchases and install everything in the house.<\/p>\n<p>\u00a0<\/p>\n<p>Leclerc Supermarket and its collection point in Brissac-Quinc\u00e9 (1 km)<\/p>\n<p>Bakers in Brissac-Quinc\u00e9 (2 km)<\/p>\n<p>Medical platform and chemists in Brissac-Quinc\u00e9 (2 km)<\/p>\n<p>Free parking in the courtyard of the property.<\/p>\n<\/div>\n<\/div><\/div><\/div><\/div><\/div>","protected":false},"excerpt":{"rendered":"<p>We can adapt to whatever time you would like your breakfast. We offer you a full breakfast with our home-made products or products from the organic producers of the Amap des Goganes de l\u2019Aubance. We offer you the Drive service on your arrival: Before your arrival, you order at Leclerc Drive Brissac-Quinc\u00e9 (49320). You will [&hellip;]<\/p>\n","protected":false},"author":1,"featured_media":0,"parent":0,"menu_order":40,"comment_status":"closed","ping_status":"closed","template":"","meta":{"footnotes":""},"class_list":["post-13","page","type-page","status-publish","hentry"],"yoast_head":"<!-- This site is optimized with the Yoast SEO plugin v27.3 - https:\/\/yoast.com\/product\/yoast-seo-wordpress\/ -->\n<title>Services - La Pichonni\u00e8re<\/title>\n<meta name=\"robots\" content=\"index, follow, max-snippet:-1, max-image-preview:large, max-video-preview:-1\" \/>\n<link rel=\"canonical\" href=\"https:\/\/gite-brissac.com\/eng\/services\/\" \/>\n<meta property=\"og:locale\" content=\"fr_FR\" \/>\n<meta property=\"og:type\" content=\"article\" \/>\n<meta property=\"og:title\" content=\"Services - La Pichonni\u00e8re\" \/>\n<meta property=\"og:description\" content=\"We can adapt to whatever time you would like your breakfast. We offer you a full breakfast with our home-made products or products from the organic producers of the Amap des Goganes de l\u2019Aubance. We offer you the Drive service on your arrival: Before your arrival, you order at Leclerc Drive Brissac-Quinc\u00e9 (49320). You will [&hellip;]\" \/>\n<meta property=\"og:url\" content=\"https:\/\/gite-brissac.com\/eng\/services\/\" \/>\n<meta property=\"og:site_name\" content=\"La Pichonni\u00e8re\" \/>\n<meta property=\"article:modified_time\" content=\"2023-05-24T09:29:31+00:00\" \/>\n<meta name=\"twitter:card\" content=\"summary_large_image\" \/>\n<meta name=\"twitter:label1\" content=\"Dur\u00e9e de lecture estim\u00e9e\" \/>\n\t<meta name=\"twitter:data1\" content=\"1 minute\" \/>\n<script type=\"application\/ld+json\" class=\"yoast-schema-graph\">{\"@context\":\"https:\\\/\\\/schema.org\",\"@graph\":[{\"@type\":\"WebPage\",\"@id\":\"https:\\\/\\\/gite-brissac.com\\\/eng\\\/services\\\/\",\"url\":\"https:\\\/\\\/gite-brissac.com\\\/eng\\\/services\\\/\",\"name\":\"Services - La Pichonni\u00e8re\",\"isPartOf\":{\"@id\":\"https:\\\/\\\/gite-brissac.com\\\/eng\\\/#website\"},\"datePublished\":\"2016-03-29T08:46:06+00:00\",\"dateModified\":\"2023-05-24T09:29:31+00:00\",\"breadcrumb\":{\"@id\":\"https:\\\/\\\/gite-brissac.com\\\/eng\\\/services\\\/#breadcrumb\"},\"inLanguage\":\"fr-FR\",\"potentialAction\":[{\"@type\":\"ReadAction\",\"target\":[\"https:\\\/\\\/gite-brissac.com\\\/eng\\\/services\\\/\"]}]},{\"@type\":\"BreadcrumbList\",\"@id\":\"https:\\\/\\\/gite-brissac.com\\\/eng\\\/services\\\/#breadcrumb\",\"itemListElement\":[{\"@type\":\"ListItem\",\"position\":1,\"name\":\"Accueil\",\"item\":\"https:\\\/\\\/gite-brissac.com\\\/eng\\\/\"},{\"@type\":\"ListItem\",\"position\":2,\"name\":\"Services\"}]},{\"@type\":\"WebSite\",\"@id\":\"https:\\\/\\\/gite-brissac.com\\\/eng\\\/#website\",\"url\":\"https:\\\/\\\/gite-brissac.com\\\/eng\\\/\",\"name\":\"La Pichonni\u00e8re\",\"description\":\"Chambres d&#039;h\u00f4tes et g\u00eetes en Anjou\",\"potentialAction\":[{\"@type\":\"SearchAction\",\"target\":{\"@type\":\"EntryPoint\",\"urlTemplate\":\"https:\\\/\\\/gite-brissac.com\\\/eng\\\/?s={search_term_string}\"},\"query-input\":{\"@type\":\"PropertyValueSpecification\",\"valueRequired\":true,\"valueName\":\"search_term_string\"}}],\"inLanguage\":\"fr-FR\"}]}<\/script>\n<!-- \/ Yoast SEO plugin. -->","yoast_head_json":{"title":"Services - La Pichonni\u00e8re","robots":{"index":"index","follow":"follow","max-snippet":"max-snippet:-1","max-image-preview":"max-image-preview:large","max-video-preview":"max-video-preview:-1"},"canonical":"https:\/\/gite-brissac.com\/eng\/services\/","og_locale":"fr_FR","og_type":"article","og_title":"Services - La Pichonni\u00e8re","og_description":"We can adapt to whatever time you would like your breakfast. We offer you a full breakfast with our home-made products or products from the organic producers of the Amap des Goganes de l\u2019Aubance. We offer you the Drive service on your arrival: Before your arrival, you order at Leclerc Drive Brissac-Quinc\u00e9 (49320). You will [&hellip;]","og_url":"https:\/\/gite-brissac.com\/eng\/services\/","og_site_name":"La Pichonni\u00e8re","article_modified_time":"2023-05-24T09:29:31+00:00","twitter_card":"summary_large_image","twitter_misc":{"Dur\u00e9e de lecture estim\u00e9e":"1 minute"},"schema":{"@context":"https:\/\/schema.org","@graph":[{"@type":"WebPage","@id":"https:\/\/gite-brissac.com\/eng\/services\/","url":"https:\/\/gite-brissac.com\/eng\/services\/","name":"Services - La Pichonni\u00e8re","isPartOf":{"@id":"https:\/\/gite-brissac.com\/eng\/#website"},"datePublished":"2016-03-29T08:46:06+00:00","dateModified":"2023-05-24T09:29:31+00:00","breadcrumb":{"@id":"https:\/\/gite-brissac.com\/eng\/services\/#breadcrumb"},"inLanguage":"fr-FR","potentialAction":[{"@type":"ReadAction","target":["https:\/\/gite-brissac.com\/eng\/services\/"]}]},{"@type":"BreadcrumbList","@id":"https:\/\/gite-brissac.com\/eng\/services\/#breadcrumb","itemListElement":[{"@type":"ListItem","position":1,"name":"Accueil","item":"https:\/\/gite-brissac.com\/eng\/"},{"@type":"ListItem","position":2,"name":"Services"}]},{"@type":"WebSite","@id":"https:\/\/gite-brissac.com\/eng\/#website","url":"https:\/\/gite-brissac.com\/eng\/","name":"La Pichonni\u00e8re","description":"Chambres d&#039;h\u00f4tes et g\u00eetes en Anjou","potentialAction":[{"@type":"SearchAction","target":{"@type":"EntryPoint","urlTemplate":"https:\/\/gite-brissac.com\/eng\/?s={search_term_string}"},"query-input":{"@type":"PropertyValueSpecification","valueRequired":true,"valueName":"search_term_string"}}],"inLanguage":"fr-FR"}]}},"_links":{"self":[{"href":"https:\/\/gite-brissac.com\/eng\/wp-json\/wp\/v2\/pages\/13","targetHints":{"allow":["GET"]}}],"collection":[{"href":"https:\/\/gite-brissac.com\/eng\/wp-json\/wp\/v2\/pages"}],"about":[{"href":"https:\/\/gite-brissac.com\/eng\/wp-json\/wp\/v2\/types\/page"}],"author":[{"embeddable":true,"href":"https:\/\/gite-brissac.com\/eng\/wp-json\/wp\/v2\/users\/1"}],"replies":[{"embeddable":true,"href":"https:\/\/gite-brissac.com\/eng\/wp-json\/wp\/v2\/comments?post=13"}],"version-history":[{"count":10,"href":"https:\/\/gite-brissac.com\/eng\/wp-json\/wp\/v2\/pages\/13\/revisions"}],"predecessor-version":[{"id":988,"href":"https:\/\/gite-brissac.com\/eng\/wp-json\/wp\/v2\/pages\/13\/revisions\/988"}],"wp:attachment":[{"href":"https:\/\/gite-brissac.com\/eng\/wp-json\/wp\/v2\/media?parent=13"}],"curies":[{"name":"wp","href":"https:\/\/api.w.org\/{rel}","templated":true}]}}